{"id":1140,"date":"2017-01-26T09:10:44","date_gmt":"2017-01-26T09:10:44","guid":{"rendered":"http:\/\/www.reinodeaksum.com\/?page_id=1140"},"modified":"2017-01-26T09:10:44","modified_gmt":"2017-01-26T09:10:44","slug":"diario-de-viaje","status":"publish","type":"page","link":"https:\/\/www.reinodeaksum.com\/?page_id=1140","title":{"rendered":"Diario de viaje"},"content":{"rendered":"<p><img loading=\"lazy\" decoding=\"async\" class=\"aligncenter size-full wp-image-928\" src=\"http:\/\/www.reinodeaksum.com\/wp-content\/uploads\/2016\/08\/Entrada.jpg\" alt=\"\" width=\"2536\" height=\"1200\" srcset=\"https:\/\/www.reinodeaksum.com\/wp-content\/uploads\/2016\/08\/Entrada.jpg 2536w, https:\/\/www.reinodeaksum.com\/wp-content\/uploads\/2016\/08\/Entrada-300x142.jpg 300w, https:\/\/www.reinodeaksum.com\/wp-content\/uploads\/2016\/08\/Entrada-768x363.jpg 768w, https:\/\/www.reinodeaksum.com\/wp-content\/uploads\/2016\/08\/Entrada-1024x485.jpg 1024w, https:\/\/www.reinodeaksum.com\/wp-content\/uploads\/2016\/08\/Entrada-676x320.jpg 676w\" sizes=\"auto, (max-width: 2536px) 100vw, 2536px\" \/><\/p>\n<p style=\"text-align: justify;\">En esta secci\u00f3n pod\u00e9is consultar todos los episodios del diario de viaje que publicamos con el peri\u00f3dico digital ile\u00f3n.com. Para navegar, basta con desplegar el men\u00fa en el que aparecen los diferentes lugares visitados.<\/p>\n","protected":false},"excerpt":{"rendered":"<p>En esta secci\u00f3n pod\u00e9is consultar todos los episodios del diario de viaje que publicamos con el peri\u00f3dico digital ile\u00f3n.com. Para navegar, basta con desplegar el men\u00fa en el que aparecen los diferentes lugares visitados.<\/p>\n","protected":false},"author":1,"featured_media":0,"parent":0,"menu_order":0,"comment_status":"closed","ping_status":"closed","template":"","meta":{"jetpack_post_was_ever_published":false,"footnotes":""},"class_list":["post-1140","page","type-page","status-publish","hentry","post-preview"],"jetpack_sharing_enabled":true,"jetpack_shortlink":"https:\/\/wp.me\/P7tVnN-io","_links":{"self":[{"href":"https:\/\/www.reinodeaksum.com\/index.php?rest_route=\/wp\/v2\/pages\/1140","targetHints":{"allow":["GET"]}}],"collection":[{"href":"https:\/\/www.reinodeaksum.com\/index.php?rest_route=\/wp\/v2\/pages"}],"about":[{"href":"https:\/\/www.reinodeaksum.com\/index.php?rest_route=\/wp\/v2\/types\/page"}],"author":[{"embeddable":true,"href":"https:\/\/www.reinodeaksum.com\/index.php?rest_route=\/wp\/v2\/users\/1"}],"replies":[{"embeddable":true,"href":"https:\/\/www.reinodeaksum.com\/index.php?rest_route=%2Fwp%2Fv2%2Fcomments&post=1140"}],"version-history":[{"count":1,"href":"https:\/\/www.reinodeaksum.com\/index.php?rest_route=\/wp\/v2\/pages\/1140\/revisions"}],"predecessor-version":[{"id":1141,"href":"https:\/\/www.reinodeaksum.com\/index.php?rest_route=\/wp\/v2\/pages\/1140\/revisions\/1141"}],"wp:attachment":[{"href":"https:\/\/www.reinodeaksum.com\/index.php?rest_route=%2Fwp%2Fv2%2Fmedia&parent=1140"}],"curies":[{"name":"wp","href":"https:\/\/api.w.org\/{rel}","templated":true}]}}