{"id":1526,"date":"2018-09-28T20:20:12","date_gmt":"2018-09-28T20:20:12","guid":{"rendered":"http:\/\/www.reinodeaksum.com\/?page_id=1526"},"modified":"2018-10-13T20:52:24","modified_gmt":"2018-10-13T20:52:24","slug":"libros","status":"publish","type":"page","link":"https:\/\/www.reinodeaksum.com\/?page_id=1526","title":{"rendered":"Libros"},"content":{"rendered":"<p style=\"text-align: justify;\"><img loading=\"lazy\" decoding=\"async\" class=\" size-medium wp-image-1527 alignleft\" src=\"http:\/\/www.reinodeaksum.com\/wp-content\/uploads\/2018\/09\/Portada-libro-Lalibela-227x300.jpg\" alt=\"Portada libro Lalibela\" width=\"227\" height=\"300\" srcset=\"https:\/\/www.reinodeaksum.com\/wp-content\/uploads\/2018\/09\/Portada-libro-Lalibela-227x300.jpg 227w, https:\/\/www.reinodeaksum.com\/wp-content\/uploads\/2018\/09\/Portada-libro-Lalibela-768x1016.jpg 768w, https:\/\/www.reinodeaksum.com\/wp-content\/uploads\/2018\/09\/Portada-libro-Lalibela-774x1024.jpg 774w, https:\/\/www.reinodeaksum.com\/wp-content\/uploads\/2018\/09\/Portada-libro-Lalibela-676x894.jpg 676w\" sizes=\"auto, (max-width: 227px) 100vw, 227px\" \/><strong>(2018)<\/strong> <strong><em>LALIBELA<\/em><\/strong><\/p>\n<p style=\"text-align: justify;\">Textos y asesor\u00eda documental: Mario Lozano Alonso. Volumen n\u00famero 45 de la colecci\u00f3n de arqueolog\u00eda que National Geographic lanz\u00f3 en 2017, es la primera obra en espa\u00f1ol dedicada en exclusiva a las espectaculares iglesias de Lalibela.<\/p>\n<p style=\"text-align: justify;\">En \u00e9l desglosa la historia y las principales caracter\u00edsticas art\u00edsticas y arqueol\u00f3gicas de los templos de la vieja Roha, explicando el dilatado proceso de creaci\u00f3n (siete siglos) de la c\u00e9lebre Jerusal\u00e9n et\u00edope. Adem\u00e1s, cuenta con hermosas reconstrucciones de las principales iglesias en 3D, lo que, acompa\u00f1ado de abundantes fotograf\u00edas e ilustraciones, le da al volumen un aspecto muy visual.<\/p>\n<p>La obra est\u00e1 disponible igualmente en M\u00e9xico y Argentina (Gredos), y ha sido traducida al franc\u00e9s y al italiano.<\/p>\n<p style=\"text-align: justify;\">ISBN: 978-84-473-9391-6<\/p>\n<p style=\"text-align: justify;\">Puede adquirirse a trav\u00e9s de <a href=\"https:\/\/tienda.rbacoleccionables.com\/numeros-atrasados\/colecciones-national-geographic\/arqueologia-2017\/arqueologia-n-g-2017-n-045.html\" target=\"_blank\" rel=\"noopener\">este enlace<\/a>.<\/p>\n","protected":false},"excerpt":{"rendered":"<p>(2018) LALIBELA Textos y asesor\u00eda documental: Mario Lozano Alonso. Volumen n\u00famero 45 de la colecci\u00f3n de arqueolog\u00eda que National Geographic lanz\u00f3 en 2017, es la primera obra en espa\u00f1ol dedicada en exclusiva a las espectaculares iglesias de Lalibela. En \u00e9l desglosa la historia y las principales caracter\u00edsticas art\u00edsticas y arqueol\u00f3gicas de los templos de la [&hellip;]<\/p>\n","protected":false},"author":1,"featured_media":0,"parent":0,"menu_order":0,"comment_status":"closed","ping_status":"closed","template":"","meta":{"jetpack_post_was_ever_published":false,"footnotes":""},"class_list":["post-1526","page","type-page","status-publish","hentry","post-preview"],"jetpack_sharing_enabled":true,"jetpack_shortlink":"https:\/\/wp.me\/P7tVnN-oC","_links":{"self":[{"href":"https:\/\/www.reinodeaksum.com\/index.php?rest_route=\/wp\/v2\/pages\/1526","targetHints":{"allow":["GET"]}}],"collection":[{"href":"https:\/\/www.reinodeaksum.com\/index.php?rest_route=\/wp\/v2\/pages"}],"about":[{"href":"https:\/\/www.reinodeaksum.com\/index.php?rest_route=\/wp\/v2\/types\/page"}],"author":[{"embeddable":true,"href":"https:\/\/www.reinodeaksum.com\/index.php?rest_route=\/wp\/v2\/users\/1"}],"replies":[{"embeddable":true,"href":"https:\/\/www.reinodeaksum.com\/index.php?rest_route=%2Fwp%2Fv2%2Fcomments&post=1526"}],"version-history":[{"count":3,"href":"https:\/\/www.reinodeaksum.com\/index.php?rest_route=\/wp\/v2\/pages\/1526\/revisions"}],"predecessor-version":[{"id":1538,"href":"https:\/\/www.reinodeaksum.com\/index.php?rest_route=\/wp\/v2\/pages\/1526\/revisions\/1538"}],"wp:attachment":[{"href":"https:\/\/www.reinodeaksum.com\/index.php?rest_route=%2Fwp%2Fv2%2Fmedia&parent=1526"}],"curies":[{"name":"wp","href":"https:\/\/api.w.org\/{rel}","templated":true}]}}