{"id":2262,"date":"2024-06-15T11:09:13","date_gmt":"2024-06-15T09:09:13","guid":{"rendered":"https:\/\/www.reinodeaksum.com\/?page_id=2262"},"modified":"2024-06-23T13:33:56","modified_gmt":"2024-06-23T11:33:56","slug":"presencial-y-online-cursos-de-geez-etiopico-clasico-en-la-uesd","status":"publish","type":"page","link":"https:\/\/www.reinodeaksum.com\/?page_id=2262","title":{"rendered":"Presencial y online &#8211; Cursos de Ge&#8217;ez (Eti\u00f3pico Cl\u00e1sico) en la UESD"},"content":{"rendered":"\n<figure class=\"wp-block-embed is-type-video is-provider-youtube wp-block-embed-youtube wp-embed-aspect-16-9 wp-has-aspect-ratio\"><div class=\"wp-block-embed__wrapper\">\n<iframe loading=\"lazy\" title=\"Curso de Eti\u00f3pico Cl\u00e1sico. Universidad San D\u00e1maso\" width=\"676\" height=\"380\" src=\"https:\/\/www.youtube.com\/embed\/M0b_WXSzBMM?feature=oembed\" frameborder=\"0\" allow=\"accelerometer; autoplay; clipboard-write; encrypted-media; gyroscope; picture-in-picture; web-share\" referrerpolicy=\"strict-origin-when-cross-origin\" allowfullscreen><\/iframe>\n<\/div><\/figure>\n\n\n\n<p class=\"has-text-align-justify\">Ya est\u00e1 abierta la preinscripci\u00f3n para los cursos de Eti\u00f3pico Cl\u00e1sico que ofrece la Universidad Eclesi\u00e1stica San D\u00e1maso (Madrid) para el curso acad\u00e9mico 2024-2025. En la actualidad existen dos niveles:<\/p>\n\n\n\n<ul class=\"wp-block-list\">\n<li><a href=\"https:\/\/www.reinodeaksum.com\/wp-content\/uploads\/2024\/06\/Etiopico1_Lozano.pdf\" target=\"_blank\" rel=\"noreferrer noopener\">Eti\u00f3pico I.<\/a><\/li>\n\n\n\n<li><a href=\"https:\/\/www.reinodeaksum.com\/wp-content\/uploads\/2024\/06\/Etiopico2_Lozano.pdf\" target=\"_blank\" rel=\"noreferrer noopener\">Eti\u00f3pico II<\/a>&nbsp;(requiere haber cursado el primer nivel).<\/li>\n<\/ul>\n\n\n\n<p class=\"has-text-align-justify\">Los cursos son presenciales, pero tambi\u00e9n pueden seguirse online a trav\u00e9s de la plataforma&nbsp;<em>Teams<\/em>&nbsp;de manera s\u00edncrona. Esto quiere decir que no son clases grabadas, sino que es necesario conectarse al tiempo que se ofrece la clase presencial. Los horarios est\u00e1n disponibles&nbsp;<a href=\"https:\/\/horarios.sandamaso.es\/PL\/Listado\/\" target=\"_blank\" rel=\"noreferrer noopener\">aqu\u00ed<\/a>.<\/p>\n\n\n\n<p class=\"has-text-align-center\"><a href=\"https:\/\/www.sandamaso.es\/estudiar-en-san-damaso\/\" target=\"_blank\" rel=\"noreferrer noopener\">PREINSCRIPCI\u00d3N E INFORMACI\u00d3N<\/a><\/p>\n\n\n\n<p class=\"has-text-align-center\">info@sandamaso.es<\/p>\n","protected":false},"excerpt":{"rendered":"<p>Ya est\u00e1 abierta la preinscripci\u00f3n para los cursos de Eti\u00f3pico Cl\u00e1sico que ofrece la Universidad Eclesi\u00e1stica San D\u00e1maso (Madrid) para el curso acad\u00e9mico 2024-2025. En la actualidad existen dos niveles: Los cursos son presenciales, pero tambi\u00e9n pueden seguirse online a trav\u00e9s de la plataforma&nbsp;Teams&nbsp;de manera s\u00edncrona. Esto quiere decir que no son clases grabadas, sino [&hellip;]<\/p>\n","protected":false},"author":1,"featured_media":0,"parent":0,"menu_order":0,"comment_status":"closed","ping_status":"closed","template":"","meta":{"jetpack_post_was_ever_published":false,"footnotes":""},"class_list":["post-2262","page","type-page","status-publish","hentry","post-preview"],"jetpack_sharing_enabled":true,"jetpack_shortlink":"https:\/\/wp.me\/P7tVnN-Au","_links":{"self":[{"href":"https:\/\/www.reinodeaksum.com\/index.php?rest_route=\/wp\/v2\/pages\/2262","targetHints":{"allow":["GET"]}}],"collection":[{"href":"https:\/\/www.reinodeaksum.com\/index.php?rest_route=\/wp\/v2\/pages"}],"about":[{"href":"https:\/\/www.reinodeaksum.com\/index.php?rest_route=\/wp\/v2\/types\/page"}],"author":[{"embeddable":true,"href":"https:\/\/www.reinodeaksum.com\/index.php?rest_route=\/wp\/v2\/users\/1"}],"replies":[{"embeddable":true,"href":"https:\/\/www.reinodeaksum.com\/index.php?rest_route=%2Fwp%2Fv2%2Fcomments&post=2262"}],"version-history":[{"count":4,"href":"https:\/\/www.reinodeaksum.com\/index.php?rest_route=\/wp\/v2\/pages\/2262\/revisions"}],"predecessor-version":[{"id":2287,"href":"https:\/\/www.reinodeaksum.com\/index.php?rest_route=\/wp\/v2\/pages\/2262\/revisions\/2287"}],"wp:attachment":[{"href":"https:\/\/www.reinodeaksum.com\/index.php?rest_route=%2Fwp%2Fv2%2Fmedia&parent=2262"}],"curies":[{"name":"wp","href":"https:\/\/api.w.org\/{rel}","templated":true}]}}