{"id":640,"date":"2015-12-13T13:40:06","date_gmt":"2015-12-13T12:40:06","guid":{"rendered":"https:\/\/reinodeaksum.wordpress.com\/?page_id=640"},"modified":"2024-06-11T19:54:15","modified_gmt":"2024-06-11T17:54:15","slug":"online-curso-de-africa-subsahariana-precolonial-cepoat-um","status":"publish","type":"page","link":"https:\/\/www.reinodeaksum.com\/?page_id=640","title":{"rendered":"Online &#8211; Curso de \u00c1frica Subsahariana Precolonial &#8211; CEPOAT &#8211; 2025"},"content":{"rendered":"<p><img loading=\"lazy\" decoding=\"async\" class=\"aligncenter size-full wp-image-2259\" src=\"https:\/\/www.reinodeaksum.com\/wp-content\/uploads\/2024\/06\/Cabecera.jpg\" alt=\"\" width=\"851\" height=\"315\" srcset=\"https:\/\/www.reinodeaksum.com\/wp-content\/uploads\/2024\/06\/Cabecera.jpg 851w, https:\/\/www.reinodeaksum.com\/wp-content\/uploads\/2024\/06\/Cabecera-300x111.jpg 300w, https:\/\/www.reinodeaksum.com\/wp-content\/uploads\/2024\/06\/Cabecera-768x284.jpg 768w, https:\/\/www.reinodeaksum.com\/wp-content\/uploads\/2024\/06\/Cabecera-676x250.jpg 676w\" sizes=\"auto, (max-width: 851px) 100vw, 851px\" \/><\/p>\n<p style=\"text-align: center;\"><strong>MATR\u00cdCULA ABIERTA EL 1 DE FEBRERO DE 2025<\/strong><\/p>\n<p style=\"text-align: justify;\">Tras el \u00e9xito de las seis primeras ediciones, el 1 de marzo de 2025 empezaremos la octava edici\u00f3n del <a href=\"https:\/\/humanidades.cdlmurcia.es\/enrol\/index.php?id=91\">curso online de\u00a0Historia de \u00c1frica Subsahariana Precolonial<\/a>, el cual impartiremos en el CEPOAT, en colaboraci\u00f3n con el Colegio Oficial de Doctores y Licenciados de Ciencias y Letras de Murcia. A continuaci\u00f3n pasamos a indicar las caracter\u00edsticas del curso.<\/p>\n<p style=\"text-align: center;\"><strong>MATRIC\u00daLATE (PR\u00d3XIMAMENTE)<\/strong><\/p>\n<p style=\"text-align: justify;\">En el blog del curso se puede encontrar informaci\u00f3n m\u00e1s detallada del curso, como por ejemplo las recomendaciones que han escrito los alumnos que han pasado por \u00e9l.<\/p>\n<p style=\"text-align: justify;\"><strong>Presentaci\u00f3n del curso<\/strong><\/p>\n<p style=\"text-align: justify;\">La historia del \u00c1frica Subsahariana es una gran desconocida entre el p\u00fablico espa\u00f1ol, en particular, y el europeo, en general. Por ello, consideramos necesario y \u00fatil para la sociedad la impartici\u00f3n del presente curso, dada la escasa oferta de formaci\u00f3n en el \u00e1rea existente actualmente en el panorama acad\u00e9mico espa\u00f1ol, a pesar de la creciente demanda de numerosos particulares e instituciones. El curso est\u00e1 abierto a todas aquellas personas que deseen formarse en este \u00e1mbito, si bien est\u00e1 especialmente enfocado a estudiantes del \u00e1rea de Humanidades, principalmente de los grados de Historia, Historia del Arte y Geograf\u00eda, dada la estrecha relaci\u00f3n que existe con los contenidos que estudian. Hoy por hoy, los planes de estudio de las universidades espa\u00f1olas apenas incluyen contenidos referidos a la historia de un continente que se halla a s\u00f3lo 14 kil\u00f3metros de la pen\u00ednsula ib\u00e9rica, y del que Espa\u00f1a, como pa\u00eds bicontinental, forma parte. Asimismo, creemos que este curso puede ser \u00fatil para el profesorado vinculado a las Ciencias Sociales, ya que la actual multiculturalidad existente en la sociedad y las aulas espa\u00f1olas hace deseable que conozcan los rudimentos de la rica historia africana.<\/p>\n<p style=\"text-align: justify;\"><strong>Datos b\u00e1sicos<\/strong><\/p>\n<p style=\"text-align: justify;\">Profesor:\u00a0<a href=\"http:\/\/www.um.es\/cepoat\/?p=2461\">Mario Lozano Alonso<\/a><\/p>\n<p style=\"text-align: justify;\">Plazo de matr\u00edcula y beca: del 1\/2\/2025 al 28\/02\/2025<\/p>\n<p style=\"text-align: justify;\">Precio: por determinar.<\/p>\n<p style=\"text-align: justify;\">Lugar de presentaci\u00f3n de matr\u00edcula on line: por determinar<\/p>\n<p style=\"text-align: justify;\">Email de contacto: cepoat@um.es<\/p>\n<p style=\"text-align: justify;\"><strong>Destinatarios<\/strong>:<br \/>\nProfesionales y estudiantes de Historia, Arqueolog\u00eda, filolog\u00eda, alumnos y profesionales de licenciaturas y diplomaturas relacionadas, as\u00ed como cualquier personas interesadas en el tema.<\/p>\n<p><img loading=\"lazy\" decoding=\"async\" class=\"aligncenter size-large wp-image-2256\" src=\"https:\/\/www.reinodeaksum.com\/wp-content\/uploads\/2024\/06\/africaprecolonial-1024x432.jpg\" alt=\"\" width=\"676\" height=\"285\" srcset=\"https:\/\/www.reinodeaksum.com\/wp-content\/uploads\/2024\/06\/africaprecolonial-1024x432.jpg 1024w, https:\/\/www.reinodeaksum.com\/wp-content\/uploads\/2024\/06\/africaprecolonial-300x127.jpg 300w, https:\/\/www.reinodeaksum.com\/wp-content\/uploads\/2024\/06\/africaprecolonial-768x324.jpg 768w, https:\/\/www.reinodeaksum.com\/wp-content\/uploads\/2024\/06\/africaprecolonial-676x285.jpg 676w, https:\/\/www.reinodeaksum.com\/wp-content\/uploads\/2024\/06\/africaprecolonial.jpg 1245w\" sizes=\"auto, (max-width: 676px) 100vw, 676px\" \/><\/p>\n<p style=\"text-align: justify;\"><strong>Temario<\/strong>:<\/p>\n<ul style=\"text-align: justify;\">\n<li><strong>1 \u2013 Introducci\u00f3n y geograf\u00eda<\/strong>. 1. Introducci\u00f3n geogr\u00e1fica. 2. Breve introducci\u00f3n a la historiograf\u00eda africana.<\/li>\n<li><strong>2 \u2013 Nubia: de Kerma a los reinos coptos.<\/strong>\u00a02.1. Introducci\u00f3n geogr\u00e1fica. 2.2. Primeras culturas. 2.3. La cultura de Kerma. 2.4. La ocupaci\u00f3n egipcia y el reino de Napata. 2.5. Meroe. 2.6. Los reinos cristianos coptos.<\/li>\n<li><strong>3 \u2013 De Aksum a Etiop\u00eda: el Cuerno de \u00c1frica<\/strong>. 3.1. Introducci\u00f3n geogr\u00e1fica. 3.2. Antes de Aksum: los sabeos y D\u2019mt. 3.3. El reino de Aksum. 3.4. La \u00e9poca oscura y los Zagwe. 3.5. El imperio salom\u00f3nida. 3.6. La yihad de Ahmad Gra\u00f1\u00f1. 3.7. Etiop\u00eda tras la yihad. 3.8. Los somal\u00edes: n\u00f3madas y marineros.<\/li>\n<li><strong>4 \u2013 Los imperios sahelianos (I)<\/strong>: Ghana y Mal\u00ed. 4.1. Introducci\u00f3n geogr\u00e1fica. 4.2. Djenn\u00e9 Djenno. 4.3 El imperio de Wagadu o Ghana. 4.4. El imperio Mal\u00ed. 4.5. La cultura Nok.<\/li>\n<li><strong>5 \u2013 Los imperios sahelianos (II): Songhai<\/strong>. 5.1. El imperio Songhai. 5.2. Los reinos Hausa 5.3. Kanem Bornu.<\/li>\n<li><strong>6 \u2013 Culturas de la selva del Golfo de Guinea<\/strong>. 6.1. Introducci\u00f3n geogr\u00e1fica. 6.2. Los igbo. 6.3. Los yoruba. 6.4. El imperio de Ben\u00edn. 6.5. Dahomey. 6.6. Los Asante.<\/li>\n<li><strong>7 \u2013 El reino de Congo<\/strong>. 7.1. Introducci\u00f3n geogr\u00e1fica. 7.2. El reino de Congo. 7.3. Kuba. 7.3. Los reinos de Luba y Lunda.<\/li>\n<li><strong>8 \u2013 Las ciudades-estado swahili<\/strong>. 8.1. Introducci\u00f3n geogr\u00e1fica. 8.2. La costa de Azania \u00a0en la Antig\u00fcedad. 8.3. Las ciudades swahili. 8.4. Los reinos de los Grandes Lagos.<\/li>\n<li><strong>9 \u2013 El Gran Zimbabwe y el \u00c1frica Austral.<\/strong>\u00a09.1. Introducci\u00f3n geogr\u00e1fica. 9.2. El Gran Zimbabwe. 9.3. El reino de Mutapa. 9.4. El reino Zul\u00fa. 95. Las rep\u00fablicas b\u00f3eres.<\/li>\n<li><strong>10 \u2013 Madagascar.\u00a0<\/strong>10.1. Introducci\u00f3n geogr\u00e1fica. 10.2. Or\u00edgenes de los malgaches. 10.3.De los clanes a los reinos (Siglos XV-XIX). 10.4. El reino de Merina.<\/li>\n<li><strong>NOVEDAD &#8211; 11 &#8211; Imperios del noroeste africano: almor\u00e1vides, almohades y estados senegaleses.<\/strong><\/li>\n<\/ul>\n<p style=\"text-align: justify;\"><strong>Evaluaci\u00f3n<\/strong>:<\/p>\n<p style=\"text-align: justify;\">Entrega de ejercicios tras cada tema.<\/p>\n<p style=\"text-align: justify;\">\n","protected":false},"excerpt":{"rendered":"<p>MATR\u00cdCULA ABIERTA EL 1 DE FEBRERO DE 2025 Tras el \u00e9xito de las seis primeras ediciones, el 1 de marzo de 2025 empezaremos la octava edici\u00f3n del curso online de\u00a0Historia de \u00c1frica Subsahariana Precolonial, el cual impartiremos en el CEPOAT, en colaboraci\u00f3n con el Colegio Oficial de Doctores y Licenciados de Ciencias y Letras de [&hellip;]<\/p>\n","protected":false},"author":3,"featured_media":0,"parent":0,"menu_order":0,"comment_status":"closed","ping_status":"closed","template":"","meta":{"jetpack_post_was_ever_published":false,"footnotes":""},"class_list":["post-640","page","type-page","status-publish","hentry","post-preview"],"jetpack_sharing_enabled":true,"jetpack_shortlink":"https:\/\/wp.me\/P7tVnN-ak","_links":{"self":[{"href":"https:\/\/www.reinodeaksum.com\/index.php?rest_route=\/wp\/v2\/pages\/640","targetHints":{"allow":["GET"]}}],"collection":[{"href":"https:\/\/www.reinodeaksum.com\/index.php?rest_route=\/wp\/v2\/pages"}],"about":[{"href":"https:\/\/www.reinodeaksum.com\/index.php?rest_route=\/wp\/v2\/types\/page"}],"author":[{"embeddable":true,"href":"https:\/\/www.reinodeaksum.com\/index.php?rest_route=\/wp\/v2\/users\/3"}],"replies":[{"embeddable":true,"href":"https:\/\/www.reinodeaksum.com\/index.php?rest_route=%2Fwp%2Fv2%2Fcomments&post=640"}],"version-history":[{"count":15,"href":"https:\/\/www.reinodeaksum.com\/index.php?rest_route=\/wp\/v2\/pages\/640\/revisions"}],"predecessor-version":[{"id":2260,"href":"https:\/\/www.reinodeaksum.com\/index.php?rest_route=\/wp\/v2\/pages\/640\/revisions\/2260"}],"wp:attachment":[{"href":"https:\/\/www.reinodeaksum.com\/index.php?rest_route=%2Fwp%2Fv2%2Fmedia&parent=640"}],"curies":[{"name":"wp","href":"https:\/\/api.w.org\/{rel}","templated":true}]}}