{"id":80,"date":"2014-07-06T21:08:15","date_gmt":"2014-07-06T20:08:15","guid":{"rendered":"http:\/\/reinodeaksum.wordpress.com\/?page_id=80"},"modified":"2024-06-15T11:04:57","modified_gmt":"2024-06-15T09:04:57","slug":"cursos","status":"publish","type":"page","link":"https:\/\/www.reinodeaksum.com\/?page_id=80","title":{"rendered":"Cursos"},"content":{"rendered":"<p><img loading=\"lazy\" decoding=\"async\" class=\"aligncenter size-large wp-image-2274\" src=\"https:\/\/www.reinodeaksum.com\/wp-content\/uploads\/2024\/06\/Ascension-etiope-SS.-XVIII-XIX-1024x858.jpg\" alt=\"\" width=\"676\" height=\"566\" srcset=\"https:\/\/www.reinodeaksum.com\/wp-content\/uploads\/2024\/06\/Ascension-etiope-SS.-XVIII-XIX-1024x858.jpg 1024w, https:\/\/www.reinodeaksum.com\/wp-content\/uploads\/2024\/06\/Ascension-etiope-SS.-XVIII-XIX-300x251.jpg 300w, https:\/\/www.reinodeaksum.com\/wp-content\/uploads\/2024\/06\/Ascension-etiope-SS.-XVIII-XIX-768x643.jpg 768w, https:\/\/www.reinodeaksum.com\/wp-content\/uploads\/2024\/06\/Ascension-etiope-SS.-XVIII-XIX-676x566.jpg 676w, https:\/\/www.reinodeaksum.com\/wp-content\/uploads\/2024\/06\/Ascension-etiope-SS.-XVIII-XIX.jpg 1200w\" sizes=\"auto, (max-width: 676px) 100vw, 676px\" \/><\/p>\n<p style=\"text-align: justify;\">Actualmente, la oferta de cursos especializados sobre asuntos et\u00edopes en particular, y africanos en general, es escasa, y m\u00e1s en el mundo hispanoparlante. En nuestro mundo globalizado, en el que convivimos con multitud de personas de or\u00edgenes muy diversos, es necesario contar con herramientas y conocimientos que nos permitan conocer mejor al <em>otro<\/em>. Esta necesidad se vuelve m\u00e1s acuciante si hablamos de \u00c1frica, dado el amplio desconocimiento y, por qu\u00e9 no decirlo, desprecio existentes sobre su historia. Por todo ello, ofrecemos aqu\u00ed una serie de cursos, tanto presenciales como online, que permitir\u00e1n a quien lo desee dotarse de los conocimientos b\u00e1sicos sobre historia y cultura de \u00c1frica, el Cuerno de \u00c1frica y Etiop\u00eda.<\/p>\n<ul>\n<li><strong>Cursos de Eti\u00f3pico Cl\u00e1sico I y II &#8211; UESD (PRESENCIALES Y ONLINE)<\/strong><\/li>\n<li><strong>Curso de Eti\u00f3pico Cl\u00e1sico I &#8211; CEPOAT (ONLINE)<\/strong><\/li>\n<li><strong>Curso Historia del \u00c1frica Precolonial &#8211; CEPOAT (ONLINE)\u00a0<\/strong><\/li>\n<li><strong>Curso Culturas del Cuerno de \u00c1frica\u00a0(ONLINE) [En preparaci\u00f3n]<\/strong><\/li>\n<\/ul>\n<p>Tambi\u00e9n colaboramos en la sesi\u00f3n sobre historia del Cuerno de \u00c1frica del<strong> <a href=\"https:\/\/culturaypensamientodelospueblosnegros.com\/\">M\u00e1ster propio sobre Estudios Africanos y los pueblos Negros del Mundo<\/a> <\/strong>que se imparte online en la Universidad Complutense de Madrid.<\/p>\n<p style=\"text-align: justify;\">\u00a0<\/p>\n\n\n<p><\/p>\n","protected":false},"excerpt":{"rendered":"<p>Actualmente, la oferta de cursos especializados sobre asuntos et\u00edopes en particular, y africanos en general, es escasa, y m\u00e1s en el mundo hispanoparlante. En nuestro mundo globalizado, en el que convivimos con multitud de personas de or\u00edgenes muy diversos, es necesario contar con herramientas y conocimientos que nos permitan conocer mejor al otro. Esta necesidad [&hellip;]<\/p>\n","protected":false},"author":3,"featured_media":0,"parent":0,"menu_order":0,"comment_status":"open","ping_status":"open","template":"","meta":{"jetpack_post_was_ever_published":false,"footnotes":""},"class_list":["post-80","page","type-page","status-publish","hentry","post-preview"],"jetpack_sharing_enabled":true,"jetpack_shortlink":"https:\/\/wp.me\/P7tVnN-1i","_links":{"self":[{"href":"https:\/\/www.reinodeaksum.com\/index.php?rest_route=\/wp\/v2\/pages\/80","targetHints":{"allow":["GET"]}}],"collection":[{"href":"https:\/\/www.reinodeaksum.com\/index.php?rest_route=\/wp\/v2\/pages"}],"about":[{"href":"https:\/\/www.reinodeaksum.com\/index.php?rest_route=\/wp\/v2\/types\/page"}],"author":[{"embeddable":true,"href":"https:\/\/www.reinodeaksum.com\/index.php?rest_route=\/wp\/v2\/users\/3"}],"replies":[{"embeddable":true,"href":"https:\/\/www.reinodeaksum.com\/index.php?rest_route=%2Fwp%2Fv2%2Fcomments&post=80"}],"version-history":[{"count":6,"href":"https:\/\/www.reinodeaksum.com\/index.php?rest_route=\/wp\/v2\/pages\/80\/revisions"}],"predecessor-version":[{"id":2276,"href":"https:\/\/www.reinodeaksum.com\/index.php?rest_route=\/wp\/v2\/pages\/80\/revisions\/2276"}],"wp:attachment":[{"href":"https:\/\/www.reinodeaksum.com\/index.php?rest_route=%2Fwp%2Fv2%2Fmedia&parent=80"}],"curies":[{"name":"wp","href":"https:\/\/api.w.org\/{rel}","templated":true}]}}