{"id":967,"date":"2016-09-12T08:12:46","date_gmt":"2016-09-12T08:12:46","guid":{"rendered":"http:\/\/www.reinodeaksum.com\/?page_id=967"},"modified":"2025-02-16T10:18:22","modified_gmt":"2025-02-16T09:18:22","slug":"el-autor","status":"publish","type":"page","link":"https:\/\/www.reinodeaksum.com\/?page_id=967","title":{"rendered":"El autor"},"content":{"rendered":"<p><img loading=\"lazy\" decoding=\"async\" class=\"aligncenter size-full wp-image-968\" src=\"http:\/\/www.reinodeaksum.com\/wp-content\/uploads\/2016\/09\/IMG_8246.jpg\" alt=\"img_8246\" width=\"5184\" height=\"3456\" srcset=\"https:\/\/www.reinodeaksum.com\/wp-content\/uploads\/2016\/09\/IMG_8246.jpg 5184w, https:\/\/www.reinodeaksum.com\/wp-content\/uploads\/2016\/09\/IMG_8246-300x200.jpg 300w, https:\/\/www.reinodeaksum.com\/wp-content\/uploads\/2016\/09\/IMG_8246-768x512.jpg 768w, https:\/\/www.reinodeaksum.com\/wp-content\/uploads\/2016\/09\/IMG_8246-1024x683.jpg 1024w, https:\/\/www.reinodeaksum.com\/wp-content\/uploads\/2016\/09\/IMG_8246-676x451.jpg 676w\" sizes=\"auto, (max-width: 5184px) 100vw, 5184px\" \/><\/p>\n<p style=\"text-align: justify;\"><strong>Mario Lozano Alonso<\/strong><\/p>\n<p style=\"text-align: justify;\">Nac\u00ed en Le\u00f3n en 1982. Desde hace varios a\u00f1os me apasiona la historia et\u00edope, lo que me llev\u00f3 a iniciarme en el estudio de la lengua ge&#8217;ez (eti\u00f3pico cl\u00e1sico), contando con la ayuda del gran maestro <a href=\"http:\/\/www.reinodeaksum.com\/?p=806\">\u00c1ngel R. Garrido Herrero<\/a>. Ense\u00f1o esa lengua en la <a href=\"https:\/\/www.sandamaso.es\/cursos-de-lenguas-clasicas-y-orientales-libre-acceso\/etiopico\/\">Universidad Eclesi\u00e1stica San D\u00e1maso de Madrid<\/a>, en formato online y presencial. Tambi\u00e9n imparto <a href=\"https:\/\/humanidades.cdlmurcia.es\/enrol\/index.php?id=91\">el primer curso de Historia del \u00c1frica Subsahariana Precolonial online en castellano en el CEPOAT<\/a> de la Universidad de Murcia.\u00a0<\/p>\n<p style=\"text-align: justify;\">Como investigador, complet\u00e9 en 2024 mi tesis doctoral sobre la yihad de Ahmad Gra\u00f1 contra el imperio et\u00edope (1529-1543), aunque tambi\u00e9n me interesan otros per\u00edodos de la historia et\u00edope. En septiembre de 2018 se public\u00f3 mi primer libro, dedicado a las iglesias de Lalibela, dentro de <a href=\"http:\/\/www.reinodeaksum.com\/?p=1502\">la colecci\u00f3n de National Geographic de Arqueolog\u00eda<\/a>, el cual se ha traducido al franc\u00e9s y al italiano. En 2019 redact\u00e9 la entrada del <a href=\"http:\/\/dbe.rah.es\/biografias\/20759\/pedro-paez-jaramillo\">Diccionario Biogr\u00e1fico Electr\u00f3nico de la Real Academia de la Historia sobre Pedro P\u00e1ez<\/a> y, gracias a la Fundaci\u00f3n Universitaria Espa\u00f1ola, publiqu\u00e9 mi segundo libro, titulado <em>Pedro P\u00e1ez y las Fuentes del Nilo Azul. Diplom\u00e1ticos, misioneros y aventureros en la Etiop\u00eda de los siglos XVI y XVII.<\/em> En 2022 sali\u00f3 a la calle el tercero, <a href=\"https:\/\/www.reinodeaksum.com\/?p=1987\"><em>Historia de Etiop\u00eda<\/em><\/a> (Catarata). Puedes saber m\u00e1s sobre mis publicaciones consultando <a href=\"https:\/\/biblicoyoriental.academia.edu\/MarioLozanoAlonso\">mi perfil en Academia.edu.<\/a><\/p>\n<p style=\"text-align: justify;\">Si tienes alguna cuesti\u00f3n y crees que puedo ayudarte, no dudes en ponerte en contacto conmigo en la pesta\u00f1a <a href=\"http:\/\/www.reinodeaksum.com\/?page_id=102\">Contacto<\/a>.<\/p>\n<p data-start=\"69\" data-end=\"94\"><strong data-start=\"69\" data-end=\"92\">[ENG] Mario Lozano-Alonso<\/strong><\/p>\n<p style=\"text-align: justify;\" data-start=\"96\" data-end=\"561\">I was born in Le\u00f3n in 1982. For several years now, I have been passionate about Ethiopian history, which led me to begin studying the Ge&#8217;ez language (classical Ethiopian), with the help of the Professor <a href=\"https:\/\/es.wikipedia.org\/wiki\/%C3%81ngel_Garrido_Herrero\">\u00c1ngel R. Garrido Herrero<\/a>. I teach this language at the Ecclesiastical University of San D\u00e1maso in Madrid, both online and in person. I also offer the first online course in Spanish on Precolonial Sub-Saharan African History at CEPOAT, University of Murcia.<\/p>\n<p style=\"text-align: justify;\" data-start=\"563\" data-end=\"1446\">As a researcher, I completed my doctoral thesis in 2024 on Ahmad Gra\u00f1\u2019s jihad against the Ethiopian Empire (1529\u20131543), although I am also interested in other periods of Ethiopian history. In September 2018, my first book was published, dedicated to the churches of Lalibela, as part of National Geographic&#8217;s Archaeology collection. It has been translated into French and Italian. In 2019, I wrote the entry on Pedro P\u00e1ez for the <em data-start=\"993\" data-end=\"1029\">Diccionario Biogr\u00e1fico Electr\u00f3nico<\/em> of the Royal Academy of History, and thanks to the Fundaci\u00f3n Universitaria Espa\u00f1ola, I published my second book, <em data-start=\"1140\" data-end=\"1261\">Pedro P\u00e1ez and the Sources of the Blue Nile. Diplomats, Missionaries, and Adventurers in 16th and 17th Century Ethiopia<\/em>. In 2022, my third book, <em data-start=\"1287\" data-end=\"1308\">History of Ethiopia<\/em> (Catarata), was released. You can learn more about my publications by visiting my profile on <a href=\"https:\/\/www.academia.edu\/\" target=\"_new\" rel=\"noopener\" data-start=\"1402\" data-end=\"1443\">Academia.edu<\/a>.<\/p>\n<p style=\"text-align: justify;\" data-start=\"1448\" data-end=\"1550\" data-is-last-node=\"\">If you have any questions and think I can help, feel free to contact me through the <em data-start=\"1532\" data-end=\"1541\">Contact<\/em> section.<\/p>\n\n\n<p><\/p>\n","protected":false},"excerpt":{"rendered":"<p>Mario Lozano Alonso Nac\u00ed en Le\u00f3n en 1982. Desde hace varios a\u00f1os me apasiona la historia et\u00edope, lo que me llev\u00f3 a iniciarme en el estudio de la lengua ge&#8217;ez (eti\u00f3pico cl\u00e1sico), contando con la ayuda del gran maestro \u00c1ngel R. Garrido Herrero. Ense\u00f1o esa lengua en la Universidad Eclesi\u00e1stica San D\u00e1maso de Madrid, en [&hellip;]<\/p>\n","protected":false},"author":1,"featured_media":0,"parent":0,"menu_order":0,"comment_status":"closed","ping_status":"closed","template":"","meta":{"jetpack_post_was_ever_published":false,"footnotes":""},"class_list":["post-967","page","type-page","status-publish","hentry","post-preview"],"jetpack_sharing_enabled":true,"jetpack_shortlink":"https:\/\/wp.me\/P7tVnN-fB","_links":{"self":[{"href":"https:\/\/www.reinodeaksum.com\/index.php?rest_route=\/wp\/v2\/pages\/967","targetHints":{"allow":["GET"]}}],"collection":[{"href":"https:\/\/www.reinodeaksum.com\/index.php?rest_route=\/wp\/v2\/pages"}],"about":[{"href":"https:\/\/www.reinodeaksum.com\/index.php?rest_route=\/wp\/v2\/types\/page"}],"author":[{"embeddable":true,"href":"https:\/\/www.reinodeaksum.com\/index.php?rest_route=\/wp\/v2\/users\/1"}],"replies":[{"embeddable":true,"href":"https:\/\/www.reinodeaksum.com\/index.php?rest_route=%2Fwp%2Fv2%2Fcomments&post=967"}],"version-history":[{"count":8,"href":"https:\/\/www.reinodeaksum.com\/index.php?rest_route=\/wp\/v2\/pages\/967\/revisions"}],"predecessor-version":[{"id":2699,"href":"https:\/\/www.reinodeaksum.com\/index.php?rest_route=\/wp\/v2\/pages\/967\/revisions\/2699"}],"wp:attachment":[{"href":"https:\/\/www.reinodeaksum.com\/index.php?rest_route=%2Fwp%2Fv2%2Fmedia&parent=967"}],"curies":[{"name":"wp","href":"https:\/\/api.w.org\/{rel}","templated":true}]}}